{"id":56,"date":"2025-05-02T20:13:36","date_gmt":"2025-05-02T20:13:36","guid":{"rendered":"http:\/\/medicam.cluster100.hosting.ovh.net\/wordpress\/?page_id=56"},"modified":"2025-05-13T13:21:03","modified_gmt":"2025-05-13T13:21:03","slug":"home","status":"publish","type":"page","link":"https:\/\/www.medicalcenterluciarocha.com\/","title":{"rendered":"Home"},"content":{"rendered":"\t\t<div data-elementor-type=\"wp-page\" data-elementor-id=\"56\" class=\"elementor elementor-56\">\n\t\t\t\t<div class=\"elementor-element elementor-element-7426c920 e-flex e-con-boxed e-con e-parent\" data-id=\"7426c920\" data-element_type=\"container\" data-settings=\"{&quot;background_background&quot;:&quot;classic&quot;}\">\n\t\t\t\t\t<div class=\"e-con-inner\">\n\t\t\t\t<div class=\"elementor-element elementor-element-4a0fd027 elementor-widget elementor-widget-heading\" data-id=\"4a0fd027\" data-element_type=\"widget\" data-widget_type=\"heading.default\">\n\t\t\t\t<div class=\"elementor-widget-container\">\n\t\t\t\t\t<h1 class=\"elementor-heading-title elementor-size-default\">Bem-vindo ao Medical Center L\u00facia Rocha\n<\/h1>\t\t\t\t<\/div>\n\t\t\t\t<\/div>\n\t\t\t\t<div class=\"elementor-element elementor-element-4b7c188d elementor-align-center elementor-widget elementor-widget-button\" data-id=\"4b7c188d\" data-element_type=\"widget\" data-widget_type=\"button.default\">\n\t\t\t\t<div class=\"elementor-widget-container\">\n\t\t\t\t\t\t\t\t\t<div class=\"elementor-button-wrapper\">\n\t\t\t\t\t<a class=\"elementor-button elementor-button-link elementor-size-sm\" href=\"https:\/\/library.elementor.com\/portfolio-wireframe-2-flexbox\/contact\/\">\n\t\t\t\t\t\t<span class=\"elementor-button-content-wrapper\">\n\t\t\t\t\t\t\t\t\t<span class=\"elementor-button-text\">Contactos<\/span>\n\t\t\t\t\t<\/span>\n\t\t\t\t\t<\/a>\n\t\t\t\t<\/div>\n\t\t\t\t\t\t\t\t<\/div>\n\t\t\t\t<\/div>\n\t\t\t\t\t<\/div>\n\t\t\t\t<\/div>\n\t\t<div class=\"elementor-element elementor-element-3034535b e-con-full e-flex e-con e-parent\" data-id=\"3034535b\" data-element_type=\"container\">\n\t\t<div class=\"elementor-element elementor-element-6a263b30 e-con-full e-flex e-con e-child\" data-id=\"6a263b30\" data-element_type=\"container\">\n\t\t\t\t<div class=\"elementor-element elementor-element-39b4cc8f elementor-widget elementor-widget-heading\" data-id=\"39b4cc8f\" data-element_type=\"widget\" data-widget_type=\"heading.default\">\n\t\t\t\t<div class=\"elementor-widget-container\">\n\t\t\t\t\t<h2 class=\"elementor-heading-title elementor-size-default\">Servi\u00e7os Prestados<\/h2>\t\t\t\t<\/div>\n\t\t\t\t<\/div>\n\t\t\t\t<div class=\"elementor-element elementor-element-6cca1cbf elementor-widget elementor-widget-text-editor\" data-id=\"6cca1cbf\" data-element_type=\"widget\" data-widget_type=\"text-editor.default\">\n\t\t\t\t<div class=\"elementor-widget-container\">\n\t\t\t\t\t\t\t\t\t<p>A cl\u00ednica disponibiliza uma ampla gama de servi\u00e7os de sa\u00fade e bem-estar, incluindo:<\/p><ul><li>Avalia\u00e7\u00f5es de sa\u00fade completas<\/li><li>Tratamentos para dores nas costas, cervicalgias, tendinopatias e espor\u00f5es<\/li><li>Osteopatia, incluindo osteopatia pedi\u00e1trica<\/li><li>Massagens terap\u00eauticas e de relaxamento<\/li><li>Cuidados de est\u00e9tica e spa<\/li><\/ul>\t\t\t\t\t\t\t\t<\/div>\n\t\t\t\t<\/div>\n\t\t\t\t<div class=\"elementor-element elementor-element-5b473ebf elementor-invisible elementor-widget elementor-widget-button\" data-id=\"5b473ebf\" data-element_type=\"widget\" data-settings=\"{&quot;_animation&quot;:&quot;fadeInDown&quot;}\" data-widget_type=\"button.default\">\n\t\t\t\t<div class=\"elementor-widget-container\">\n\t\t\t\t\t\t\t\t\t<div class=\"elementor-button-wrapper\">\n\t\t\t\t\t<a class=\"elementor-button elementor-button-link elementor-size-sm\" href=\"https:\/\/library.elementor.com\/portfolio-wireframe-2-flexbox\/about\/\">\n\t\t\t\t\t\t<span class=\"elementor-button-content-wrapper\">\n\t\t\t\t\t\t\t\t\t<span class=\"elementor-button-text\">Learn More<\/span>\n\t\t\t\t\t<\/span>\n\t\t\t\t\t<\/a>\n\t\t\t\t<\/div>\n\t\t\t\t\t\t\t\t<\/div>\n\t\t\t\t<\/div>\n\t\t\t\t<\/div>\n\t\t<div class=\"elementor-element elementor-element-5b47e6ab e-con-full e-flex e-con e-child\" data-id=\"5b47e6ab\" data-element_type=\"container\">\n\t\t\t\t<div class=\"elementor-element elementor-element-7378447 elementor-widget elementor-widget-image\" data-id=\"7378447\" data-element_type=\"widget\" data-widget_type=\"image.default\">\n\t\t\t\t<div class=\"elementor-widget-container\">\n\t\t\t\t\t\t\t\t\t\t\t\t\t\t\t<img fetchpriority=\"high\" decoding=\"async\" width=\"680\" height=\"559\" src=\"https:\/\/www.medicalcenterluciarocha.com\/wp-content\/uploads\/2025\/05\/479183219_1176311367837382_5501156212162881328_n-1024x842.jpg\" class=\"attachment-large size-large wp-image-79\" alt=\"\" srcset=\"https:\/\/www.medicalcenterluciarocha.com\/wp-content\/uploads\/2025\/05\/479183219_1176311367837382_5501156212162881328_n-1024x842.jpg 1024w, https:\/\/www.medicalcenterluciarocha.com\/wp-content\/uploads\/2025\/05\/479183219_1176311367837382_5501156212162881328_n-300x247.jpg 300w, https:\/\/www.medicalcenterluciarocha.com\/wp-content\/uploads\/2025\/05\/479183219_1176311367837382_5501156212162881328_n-768x631.jpg 768w, https:\/\/www.medicalcenterluciarocha.com\/wp-content\/uploads\/2025\/05\/479183219_1176311367837382_5501156212162881328_n.jpg 1297w\" sizes=\"(max-width: 680px) 100vw, 680px\" \/>\t\t\t\t\t\t\t\t\t\t\t\t\t\t\t<\/div>\n\t\t\t\t<\/div>\n\t\t\t\t<\/div>\n\t\t\t\t<\/div>\n\t\t<div class=\"elementor-element elementor-element-294cc845 e-con-full e-flex e-con e-parent\" data-id=\"294cc845\" data-element_type=\"container\" data-settings=\"{&quot;background_background&quot;:&quot;classic&quot;}\">\n\t\t\t\t<div class=\"elementor-element elementor-element-5358ca67 elementor-widget elementor-widget-heading\" data-id=\"5358ca67\" data-element_type=\"widget\" data-widget_type=\"heading.default\">\n\t\t\t\t<div class=\"elementor-widget-container\">\n\t\t\t\t\t<h2 class=\"elementor-heading-title elementor-size-default\">As Featured In<\/h2>\t\t\t\t<\/div>\n\t\t\t\t<\/div>\n\t\t\t\t<div class=\"elementor-element elementor-element-595c7150 elementor-widget elementor-widget-heading\" data-id=\"595c7150\" data-element_type=\"widget\" data-widget_type=\"heading.default\">\n\t\t\t\t<div class=\"elementor-widget-container\">\n\t\t\t\t\t<h5 class=\"elementor-heading-title elementor-size-default\">This is a space to showcase any publications your work has been featured in<\/h5>\t\t\t\t<\/div>\n\t\t\t\t<\/div>\n\t\t\t\t<div class=\"elementor-element elementor-element-151f62bb elementor-widget elementor-widget-image-carousel\" data-id=\"151f62bb\" data-element_type=\"widget\" data-settings=\"{&quot;slides_to_show&quot;:&quot;6&quot;,&quot;slides_to_show_tablet&quot;:&quot;3&quot;,&quot;navigation&quot;:&quot;none&quot;,&quot;pause_on_hover&quot;:&quot;no&quot;,&quot;pause_on_interaction&quot;:&quot;no&quot;,&quot;image_spacing_custom&quot;:{&quot;unit&quot;:&quot;px&quot;,&quot;size&quot;:&quot;55&quot;,&quot;sizes&quot;:[]},&quot;slides_to_scroll_tablet&quot;:&quot;1&quot;,&quot;slides_to_show_mobile&quot;:&quot;1&quot;,&quot;autoplay&quot;:&quot;yes&quot;,&quot;autoplay_speed&quot;:5000,&quot;infinite&quot;:&quot;yes&quot;,&quot;speed&quot;:500,&quot;image_spacing_custom_tablet&quot;:{&quot;unit&quot;:&quot;px&quot;,&quot;size&quot;:&quot;&quot;,&quot;sizes&quot;:[]}}\" data-widget_type=\"image-carousel.default\">\n\t\t\t\t<div class=\"elementor-widget-container\">\n\t\t\t\t\t\t\t<div class=\"elementor-image-carousel-wrapper swiper\" role=\"region\" aria-roledescription=\"carousel\" aria-label=\"Image Carousel\" dir=\"ltr\">\n\t\t\t<div class=\"elementor-image-carousel swiper-wrapper\" aria-live=\"off\">\n\t\t\t\t\t\t\t\t<div class=\"swiper-slide\" role=\"group\" aria-roledescription=\"slide\" aria-label=\"1 of 5\"><figure class=\"swiper-slide-inner\"><img decoding=\"async\" class=\"swiper-slide-image\" src=\"https:\/\/www.medicalcenterluciarocha.com\/wp-content\/uploads\/2025\/05\/Partners-Logo_5-13122021.svg\" alt=\"Partners-Logo_5-13122021.svg\" \/><\/figure><\/div><div class=\"swiper-slide\" role=\"group\" aria-roledescription=\"slide\" aria-label=\"2 of 5\"><figure class=\"swiper-slide-inner\"><img decoding=\"async\" class=\"swiper-slide-image\" src=\"https:\/\/www.medicalcenterluciarocha.com\/wp-content\/uploads\/2025\/05\/Partners-Logo_2-13122021.svg\" alt=\"Partners-Logo_2-13122021.svg\" \/><\/figure><\/div><div class=\"swiper-slide\" role=\"group\" aria-roledescription=\"slide\" aria-label=\"3 of 5\"><figure class=\"swiper-slide-inner\"><img decoding=\"async\" class=\"swiper-slide-image\" src=\"https:\/\/www.medicalcenterluciarocha.com\/wp-content\/uploads\/2025\/05\/Partners-Logo_1-13122021.svg\" alt=\"Partners-Logo_1-13122021.svg\" \/><\/figure><\/div><div class=\"swiper-slide\" role=\"group\" aria-roledescription=\"slide\" aria-label=\"4 of 5\"><figure class=\"swiper-slide-inner\"><img decoding=\"async\" class=\"swiper-slide-image\" src=\"https:\/\/www.medicalcenterluciarocha.com\/wp-content\/uploads\/2025\/05\/Partners-Logo_4-13122021.svg\" alt=\"Partners-Logo_4-13122021.svg\" \/><\/figure><\/div><div class=\"swiper-slide\" role=\"group\" aria-roledescription=\"slide\" aria-label=\"5 of 5\"><figure class=\"swiper-slide-inner\"><img decoding=\"async\" class=\"swiper-slide-image\" src=\"https:\/\/www.medicalcenterluciarocha.com\/wp-content\/uploads\/2025\/05\/Partners-Logo_3-13122021.svg\" alt=\"Partners-Logo_3-13122021.svg\" \/><\/figure><\/div>\t\t\t<\/div>\n\t\t\t\t\t\t\t\n\t\t\t\t\t\t\t\t\t<\/div>\n\t\t\t\t\t\t<\/div>\n\t\t\t\t<\/div>\n\t\t\t\t<\/div>\n\t\t<div class=\"elementor-element elementor-element-10ab63b e-con-full e-flex e-con e-parent\" data-id=\"10ab63b\" data-element_type=\"container\">\n\t\t\t\t<div class=\"elementor-element elementor-element-7a079370 elementor-widget elementor-widget-heading\" data-id=\"7a079370\" data-element_type=\"widget\" data-widget_type=\"heading.default\">\n\t\t\t\t<div class=\"elementor-widget-container\">\n\t\t\t\t\t<h2 class=\"elementor-heading-title elementor-size-default\">Client Testimonials<\/h2>\t\t\t\t<\/div>\n\t\t\t\t<\/div>\n\t\t<div class=\"elementor-element elementor-element-15da63c3 e-con-full e-flex e-con e-child\" data-id=\"15da63c3\" data-element_type=\"container\">\n\t\t\t\t<div class=\"elementor-element elementor-element-5a8649bb elementor-widget elementor-widget-testimonial\" data-id=\"5a8649bb\" data-element_type=\"widget\" data-widget_type=\"testimonial.default\">\n\t\t\t\t<div class=\"elementor-widget-container\">\n\t\t\t\t\t\t\t<div class=\"elementor-testimonial-wrapper\">\n\t\t\t\t\t\t\t<div class=\"elementor-testimonial-content\">\u201cA review from a client who benefited from your product. Reviews can be a highly effective way of establishing credibility and increasing your company's reputation.\u201d<\/div>\n\t\t\t\n\t\t\t\t\t\t<div class=\"elementor-testimonial-meta elementor-has-image elementor-testimonial-image-position-aside\">\n\t\t\t\t<div class=\"elementor-testimonial-meta-inner\">\n\t\t\t\t\t\t\t\t\t\t\t<div class=\"elementor-testimonial-image\">\n\t\t\t\t\t\t\t<img decoding=\"async\" width=\"63\" height=\"63\" src=\"https:\/\/www.medicalcenterluciarocha.com\/wp-content\/uploads\/2025\/05\/63x63.jpg\" class=\"attachment-full size-full wp-image-57\" alt=\"\" \/>\t\t\t\t\t\t<\/div>\n\t\t\t\t\t\n\t\t\t\t\t\t\t\t\t\t<div class=\"elementor-testimonial-details\">\n\t\t\t\t\t\t\t\t\t\t\t\t\t\t<div class=\"elementor-testimonial-name\">Client name<\/div>\n\t\t\t\t\t\t\t\t\t\t\t\t\t\t\t\t\t\t\t<\/div>\n\t\t\t\t\t\t\t\t\t<\/div>\n\t\t\t<\/div>\n\t\t\t\t\t<\/div>\n\t\t\t\t\t\t<\/div>\n\t\t\t\t<\/div>\n\t\t\t\t<div class=\"elementor-element elementor-element-2843eab7 elementor-widget elementor-widget-testimonial\" data-id=\"2843eab7\" data-element_type=\"widget\" data-widget_type=\"testimonial.default\">\n\t\t\t\t<div class=\"elementor-widget-container\">\n\t\t\t\t\t\t\t<div class=\"elementor-testimonial-wrapper\">\n\t\t\t\t\t\t\t<div class=\"elementor-testimonial-content\">\u201cA review from a client who benefited from your product. Reviews can be a highly effective way of establishing credibility and increasing your company's reputation.\u201d<\/div>\n\t\t\t\n\t\t\t\t\t\t<div class=\"elementor-testimonial-meta elementor-has-image elementor-testimonial-image-position-aside\">\n\t\t\t\t<div class=\"elementor-testimonial-meta-inner\">\n\t\t\t\t\t\t\t\t\t\t\t<div class=\"elementor-testimonial-image\">\n\t\t\t\t\t\t\t<img decoding=\"async\" width=\"63\" height=\"63\" src=\"https:\/\/www.medicalcenterluciarocha.com\/wp-content\/uploads\/2025\/05\/63x63.jpg\" class=\"attachment-full size-full wp-image-57\" alt=\"\" \/>\t\t\t\t\t\t<\/div>\n\t\t\t\t\t\n\t\t\t\t\t\t\t\t\t\t<div class=\"elementor-testimonial-details\">\n\t\t\t\t\t\t\t\t\t\t\t\t\t\t<div class=\"elementor-testimonial-name\">Client name<\/div>\n\t\t\t\t\t\t\t\t\t\t\t\t\t\t\t\t\t\t\t<\/div>\n\t\t\t\t\t\t\t\t\t<\/div>\n\t\t\t<\/div>\n\t\t\t\t\t<\/div>\n\t\t\t\t\t\t<\/div>\n\t\t\t\t<\/div>\n\t\t\t\t<div class=\"elementor-element elementor-element-207e2b43 elementor-widget elementor-widget-testimonial\" data-id=\"207e2b43\" data-element_type=\"widget\" data-widget_type=\"testimonial.default\">\n\t\t\t\t<div class=\"elementor-widget-container\">\n\t\t\t\t\t\t\t<div class=\"elementor-testimonial-wrapper\">\n\t\t\t\t\t\t\t<div class=\"elementor-testimonial-content\">\u201cA review from a client who benefited from your product. Reviews can be a highly effective way of establishing credibility and increasing your company's reputation.\u201d<\/div>\n\t\t\t\n\t\t\t\t\t\t<div class=\"elementor-testimonial-meta elementor-has-image elementor-testimonial-image-position-aside\">\n\t\t\t\t<div class=\"elementor-testimonial-meta-inner\">\n\t\t\t\t\t\t\t\t\t\t\t<div class=\"elementor-testimonial-image\">\n\t\t\t\t\t\t\t<img decoding=\"async\" width=\"63\" height=\"63\" src=\"https:\/\/www.medicalcenterluciarocha.com\/wp-content\/uploads\/2025\/05\/63x63.jpg\" class=\"attachment-full size-full wp-image-57\" alt=\"\" \/>\t\t\t\t\t\t<\/div>\n\t\t\t\t\t\n\t\t\t\t\t\t\t\t\t\t<div class=\"elementor-testimonial-details\">\n\t\t\t\t\t\t\t\t\t\t\t\t\t\t<div class=\"elementor-testimonial-name\">Client name<\/div>\n\t\t\t\t\t\t\t\t\t\t\t\t\t\t\t\t\t\t\t<\/div>\n\t\t\t\t\t\t\t\t\t<\/div>\n\t\t\t<\/div>\n\t\t\t\t\t<\/div>\n\t\t\t\t\t\t<\/div>\n\t\t\t\t<\/div>\n\t\t\t\t<\/div>\n\t\t\t\t<\/div>\n\t\t\t\t<\/div>\n\t\t","protected":false},"excerpt":{"rendered":"<p>Bem-vindo ao Medical Center L\u00facia Rocha Contactos Servi\u00e7os Prestados A cl\u00ednica disponibiliza uma ampla gama de servi\u00e7os de sa\u00fade e bem-estar, incluindo: Avalia\u00e7\u00f5es de sa\u00fade completas Tratamentos para dores nas costas, cervicalgias, tendinopatias e espor\u00f5es Osteopatia, incluindo osteopatia pedi\u00e1trica Massagens terap\u00eauticas e de relaxamento Cuidados de est\u00e9tica e spa Learn More As Featured In This [&hellip;]<\/p>\n","protected":false},"author":1,"featured_media":0,"parent":0,"menu_order":0,"comment_status":"closed","ping_status":"closed","template":"elementor_header_footer","meta":{"footnotes":""},"class_list":["post-56","page","type-page","status-publish","hentry"],"_links":{"self":[{"href":"https:\/\/www.medicalcenterluciarocha.com\/index.php?rest_route=\/wp\/v2\/pages\/56","targetHints":{"allow":["GET"]}}],"collection":[{"href":"https:\/\/www.medicalcenterluciarocha.com\/index.php?rest_route=\/wp\/v2\/pages"}],"about":[{"href":"https:\/\/www.medicalcenterluciarocha.com\/index.php?rest_route=\/wp\/v2\/types\/page"}],"author":[{"embeddable":true,"href":"https:\/\/www.medicalcenterluciarocha.com\/index.php?rest_route=\/wp\/v2\/users\/1"}],"replies":[{"embeddable":true,"href":"https:\/\/www.medicalcenterluciarocha.com\/index.php?rest_route=%2Fwp%2Fv2%2Fcomments&post=56"}],"version-history":[{"count":22,"href":"https:\/\/www.medicalcenterluciarocha.com\/index.php?rest_route=\/wp\/v2\/pages\/56\/revisions"}],"predecessor-version":[{"id":104,"href":"https:\/\/www.medicalcenterluciarocha.com\/index.php?rest_route=\/wp\/v2\/pages\/56\/revisions\/104"}],"wp:attachment":[{"href":"https:\/\/www.medicalcenterluciarocha.com\/index.php?rest_route=%2Fwp%2Fv2%2Fmedia&parent=56"}],"curies":[{"name":"wp","href":"https:\/\/api.w.org\/{rel}","templated":true}]}}